{"id":149,"date":"2022-07-17T02:35:26","date_gmt":"2022-07-17T02:35:26","guid":{"rendered":"https:\/\/qualitycs.com.mx\/?page_id=149"},"modified":"2023-07-11T07:32:00","modified_gmt":"2023-07-11T07:32:00","slug":"infraestructura-de-operacion","status":"publish","type":"page","link":"https:\/\/qualitycs.com.mx\/?page_id=149","title":{"rendered":"Infraestructura de Operaci\u00f3n 2023"},"content":{"rendered":"<div class=\"wp-block-image\">\n<figure class=\"aligncenter size-full\"><img loading=\"lazy\" decoding=\"async\" width=\"822\" height=\"608\" src=\"https:\/\/qualitycs.com.mx\/wp-content\/uploads\/2023\/07\/Infraestructura-de-Operacion.png\" alt=\"\" class=\"wp-image-184\" srcset=\"https:\/\/qualitycs.com.mx\/wp-content\/uploads\/2023\/07\/Infraestructura-de-Operacion.png 822w, https:\/\/qualitycs.com.mx\/wp-content\/uploads\/2023\/07\/Infraestructura-de-Operacion-300x222.png 300w, https:\/\/qualitycs.com.mx\/wp-content\/uploads\/2023\/07\/Infraestructura-de-Operacion-768x568.png 768w\" sizes=\"auto, (max-width: 822px) 100vw, 822px\" \/><\/figure>\n<\/div>\n\n\n<p class=\"has-text-color has-background has-medium-font-size\" style=\"color:#1d0831;background-color:#cfd6dc\">Atendiendo la importancia de los temas de la seguridad de la informaci\u00f3n y continuidad del negocio y guiados por los lineamientos de algunos clientes importantes al respecto de estos temas, hemos desarrollado con una infraestructura y plataforma de operaci\u00f3n que nos permita una cobertura razonable de los mismos<\/p>\n\n\n\n<p class=\"has-text-color has-background has-medium-font-size\" style=\"color:#1d0930;background-color:#ccd2d7\">Esta infraestructura, resumida en el diagrama de esta publicaci\u00f3n, basada en la norma ISO 27001 nos permite contar con mecanismos y funciones de la seguridad de la informaci\u00f3n y respaldos autom\u00e1ticos para la disponibilidad del servicio y continuidad del negocio<\/p>\n\n\n\n<p class=\"has-text-color has-background has-medium-font-size\" style=\"color:#0a2738;background-color:#c5ccd1\">Y recientemente, como complemento de la soluci\u00f3n unificamos en esta plataforma, nuestro espacio de trabajo en Internet que incluye: el servicio de correo electr\u00f3nico, este portal web y nuestra sala de videoconferencia<\/p>\n","protected":false},"excerpt":{"rendered":"<p>Atendiendo la importancia de los temas de la seguridad de la informaci\u00f3n y continuidad del negocio y guiados por los lineamientos de algunos clientes importantes al respecto de estos temas, hemos desarrollado con una infraestructura y plataforma de operaci\u00f3n que nos permita una cobertura razonable de los mismos Esta infraestructura, resumida en el diagrama de &hellip; <\/p>\n<p class=\"link-more\"><a href=\"https:\/\/qualitycs.com.mx\/?page_id=149\" class=\"more-link\">Leer m\u00e1s<span class=\"screen-reader-text\"> \u00abInfraestructura de Operaci\u00f3n 2023\u00bb<\/span><\/a><\/p>\n","protected":false},"author":1,"featured_media":0,"parent":0,"menu_order":0,"comment_status":"closed","ping_status":"closed","template":"","meta":{"footnotes":""},"class_list":["post-149","page","type-page","status-publish","hentry"],"featured_media_urls":[],"_links":{"self":[{"href":"https:\/\/qualitycs.com.mx\/index.php?rest_route=\/wp\/v2\/pages\/149","targetHints":{"allow":["GET"]}}],"collection":[{"href":"https:\/\/qualitycs.com.mx\/index.php?rest_route=\/wp\/v2\/pages"}],"about":[{"href":"https:\/\/qualitycs.com.mx\/index.php?rest_route=\/wp\/v2\/types\/page"}],"author":[{"embeddable":true,"href":"https:\/\/qualitycs.com.mx\/index.php?rest_route=\/wp\/v2\/users\/1"}],"replies":[{"embeddable":true,"href":"https:\/\/qualitycs.com.mx\/index.php?rest_route=%2Fwp%2Fv2%2Fcomments&post=149"}],"version-history":[{"count":7,"href":"https:\/\/qualitycs.com.mx\/index.php?rest_route=\/wp\/v2\/pages\/149\/revisions"}],"predecessor-version":[{"id":187,"href":"https:\/\/qualitycs.com.mx\/index.php?rest_route=\/wp\/v2\/pages\/149\/revisions\/187"}],"wp:attachment":[{"href":"https:\/\/qualitycs.com.mx\/index.php?rest_route=%2Fwp%2Fv2%2Fmedia&parent=149"}],"curies":[{"name":"wp","href":"https:\/\/api.w.org\/{rel}","templated":true}]}}