{"id":11,"date":"2022-07-09T02:43:04","date_gmt":"2022-07-09T02:43:04","guid":{"rendered":"https:\/\/qualitycs.com.mx\/?page_id=11"},"modified":"2023-08-04T16:22:44","modified_gmt":"2023-08-04T22:22:44","slug":"home","status":"publish","type":"page","link":"https:\/\/qualitycs.com.mx\/","title":{"rendered":"\u00a1Bienvenidos!"},"content":{"rendered":"<div class=\"wpzoom-portfolio-layout-shortcode-content\"><div class=\"wpzoom-blocks wpzoom-blocks_portfolio-block wpzoom-portfolio-block-69daa85b88863 use-lightbox alignfull layout-grid columns-3 post_type-portfolio_item ajax-load-items wp-block-wpzoom-blocks-portfolio\" data-offset=\"6\" data-load-more='{\"categories\":[],\"class\":\"wpzoom-blocks_portfolio-block\",\"layout\":\"grid\",\"lightbox\":true,\"lightbox_caption\":false,\"order\":\"desc\",\"order_by\":\"menu_order date\",\"per_page\":6,\"read_more_label\":\"Read More\",\"show_author\":true,\"show_background_video\":true,\"show_date\":true,\"show_excerpt\":true,\"show_read_more\":true,\"show_thumbnail\":true,\"source\":\"portfolio_item\",\"thumbnail_size\":\"portfolio_item-thumbnail\",\"total\":5}'><div class=\"wpzoom-blocks wpzoom-blocks_portfolio-block_filter\"><ul><li class=\"cat-item-all current-cat\">\n\t\t\t\t<a href=\"https:\/\/qualitycs.com.mx\/?post_type=portfolio_item\" class=\"wpz-portfolio-filter_link\">All<\/a>\n\t\t\t<\/li>\t<li class=\"cat-item cat-item-26 wpz-block-button\"><a href=\"https:\/\/qualitycs.com.mx\/?portfolio=portada\" class=\"wpz-portfolio-filter__link\">Portada<\/a>\n<\/li>\n<\/ul><\/div><ul class=\"wpzoom-blocks wpzoom-blocks_portfolio-block_items-list\"><li class='wpzoom-blocks_portfolio-block_item wpzoom-blocks_portfolio-block_item-291 wpzoom-blocks_portfolio-block_category-26'  data-category='26'><article class='wpzoom-blocks_portfolio-block_item-wra portfolio_item'><div class='wpzoom-blocks_portfolio-block_item-details'><h3 class='wpzoom-blocks_portfolio-block_item-title'><a href='https:\/\/qualitycs.com.mx\/?portfolio_item=sistema-supernomina' title='Sistema Supern\u00f3mina' rel='bookmark'>Sistema Supern\u00f3mina<\/a><\/h3><\/div><\/article><\/li><li class='wpzoom-blocks_portfolio-block_item wpzoom-blocks_portfolio-block_item-302 wpzoom-blocks_portfolio-block_category-26'  data-category='26'><article class='wpzoom-blocks_portfolio-block_item-wra portfolio_item'><div class='wpzoom-blocks_portfolio-block_item-details'><h3 class='wpzoom-blocks_portfolio-block_item-title'><a href='https:\/\/qualitycs.com.mx\/?portfolio_item=control-de-acceso-y-asistencia' title='Control de Acceso y Asistencia' rel='bookmark'>Control de Acceso y Asistencia<\/a><\/h3><\/div><\/article><\/li><li class='wpzoom-blocks_portfolio-block_item wpzoom-blocks_portfolio-block_item-297 wpzoom-blocks_portfolio-block_category-26'  data-category='26'><article class='wpzoom-blocks_portfolio-block_item-wra portfolio_item'><div class='wpzoom-blocks_portfolio-block_item-details'><h3 class='wpzoom-blocks_portfolio-block_item-title'><a href='https:\/\/qualitycs.com.mx\/?portfolio_item=modulo-de-recursos-humanos' title='M\u00f3dulo de Recursos Humanos' rel='bookmark'>M\u00f3dulo de Recursos Humanos<\/a><\/h3><\/div><\/article><\/li><li class='wpzoom-blocks_portfolio-block_item wpzoom-blocks_portfolio-block_item-294 wpzoom-blocks_portfolio-block_category-26'  data-category='26'><article class='wpzoom-blocks_portfolio-block_item-wra portfolio_item'><div class='wpzoom-blocks_portfolio-block_item-details'><h3 class='wpzoom-blocks_portfolio-block_item-title'><a href='https:\/\/qualitycs.com.mx\/?portfolio_item=kiosko-web' title='Kiosko web' rel='bookmark'>Kiosko web<\/a><\/h3><\/div><\/article><\/li><li class='wpzoom-blocks_portfolio-block_item wpzoom-blocks_portfolio-block_item-299 wpzoom-blocks_portfolio-block_category-26'  data-category='26'><article class='wpzoom-blocks_portfolio-block_item-wra portfolio_item'><div class='wpzoom-blocks_portfolio-block_item-details'><h3 class='wpzoom-blocks_portfolio-block_item-title'><a href='https:\/\/qualitycs.com.mx\/?portfolio_item=innovacion-tecnologica' title='Innovaci\u00f3n Tecnol\u00f3gica' rel='bookmark'>Innovaci\u00f3n Tecnol\u00f3gica<\/a><\/h3><\/div><\/article><\/li><li class=\"wpzoom-preloader-container\"><div class=\"wpzoom-portfolio-preloader\"><svg  width=\"75\" version=\"1.1\" id=\"L4\" xmlns=\"http:\/\/www.w3.org\/2000\/svg\" xmlns:xlink=\"http:\/\/www.w3.org\/1999\/xlink\" x=\"0px\" y=\"0px\" viewBox=\"0 0 100 100\" enable-background=\"new 0 0 0 0\" xml:space=\"preserve\">\n\t\t  <circle fill=\"#000\" stroke=\"none\" cx=\"6\" cy=\"50\" r=\"6\"><animate attributeName=\"opacity\" dur=\"1s\" values=\"0;1;0\" repeatCount=\"indefinite\" begin=\"0.1\"\/><\/circle>\n\t\t  <circle fill=\"#000\" stroke=\"none\" cx=\"26\" cy=\"50\" r=\"6\"><animate attributeName=\"opacity\" dur=\"1s\" values=\"0;1;0\" repeatCount=\"indefinite\" begin=\"0.2\"\/><\/circle>\n\t\t  <circle fill=\"#000\" stroke=\"none\" cx=\"46\" cy=\"50\" r=\"6\"><animate attributeName=\"opacity\" dur=\"1s\" values=\"0;1;0\" repeatCount=\"indefinite\" begin=\"0.3\"\/><\/circle>\n\t\t<\/svg><\/div><\/li><\/ul><\/div><!--.wpzoom-blocks wpzoom-blocks_portfolio-block--><style>.wpzoom-blocks_portfolio-block.wpzoom-portfolio-block-69daa85b88863 {}.wpzoom-blocks_portfolio-block.wpzoom-portfolio-block-69daa85b88863 { color:#000}.wpzoom-blocks_portfolio-block.wpzoom-portfolio-block-69daa85b88863 .wpzoom-blocks_portfolio-block_filter ul li a,\n\t\t\t.wpzoom-blocks_portfolio-block.wpzoom-portfolio-block-69daa85b88863.layout-list .wpzoom-blocks_portfolio-block_items-list .wpzoom-blocks_portfolio-block_item .wpzoom-blocks_portfolio-block_item-title a {\n\t\t\t\tcolor:#000;\n\t\t\t}.wpzoom-blocks_portfolio-block.wpzoom-portfolio-block-69daa85b88863 .wpzoom-blocks_portfolio-block_filter ul li a:hover,\n\t\t\t\t.wpzoom-blocks_portfolio-block.wpzoom-portfolio-block-69daa85b88863 .wpzoom-blocks_portfolio-block_filter ul li.current-cat a:hover,\n\t\t\t\t.wpzoom-blocks_portfolio-.wpzoom-portfolio-block-69daa85b88863.layout-list .wpzoom-blocks_portfolio-block_items-list .wpzoom-blocks_portfolio-block_item .wpzoom-blocks_portfolio-block_item-title a:hover {\n\t\t\t\t\tcolor:#0BB4AA;\n\t\t\t\t}.wpzoom-blocks_portfolio-block.wpzoom-portfolio-block-69daa85b88863 .wpzoom-blocks_portfolio-block_filter ul li.current-cat a { color:#0BB4AA; }.wpzoom-blocks_portfolio-block.wpzoom-portfolio-block-69daa85b88863 .wpzoom-blocks_portfolio-block_item-details .wpzoom-blocks_portfolio-block_item-title a {line-height: 1.2;font-weight: 500 !important;letter-spacing: 1px;}.wpzoom-blocks_portfolio-block.wpzoom-portfolio-block-69daa85b88863 .wpz-portfolio-button__link {letter-spacing: 1px;border-style:solid;border-width:0px;}<\/style><\/div>\n\n\n\n<h2 class=\"wp-block-heading\">\u00bfEn que lo podemos ayudar con su sistema de n\u00f3mina?<\/h2>\n\n\n\n<figure class=\"wp-block-image size-full\"><img loading=\"lazy\" decoding=\"async\" width=\"939\" height=\"550\" src=\"https:\/\/qualitycs.com.mx\/wp-content\/uploads\/2022\/07\/retos-de-la-nomina.png\" alt=\"\" class=\"wp-image-31\" srcset=\"https:\/\/qualitycs.com.mx\/wp-content\/uploads\/2022\/07\/retos-de-la-nomina.png 939w, https:\/\/qualitycs.com.mx\/wp-content\/uploads\/2022\/07\/retos-de-la-nomina-300x176.png 300w, https:\/\/qualitycs.com.mx\/wp-content\/uploads\/2022\/07\/retos-de-la-nomina-768x450.png 768w\" sizes=\"auto, (max-width: 939px) 100vw, 939px\" \/><\/figure>\n\n\n\n<p class=\"has-text-color has-background has-medium-font-size\" style=\"color:#210d33;background-color:#d4d9dd\">Y para los retos en el manejo y desarrollo de los recursos humanos<\/p>\n\n\n\n<figure class=\"wp-block-image size-full\"><img loading=\"lazy\" decoding=\"async\" width=\"798\" height=\"577\" src=\"https:\/\/qualitycs.com.mx\/wp-content\/uploads\/2022\/07\/retos-de-rh.png\" alt=\"\" class=\"wp-image-41\" srcset=\"https:\/\/qualitycs.com.mx\/wp-content\/uploads\/2022\/07\/retos-de-rh.png 798w, https:\/\/qualitycs.com.mx\/wp-content\/uploads\/2022\/07\/retos-de-rh-300x217.png 300w, https:\/\/qualitycs.com.mx\/wp-content\/uploads\/2022\/07\/retos-de-rh-768x555.png 768w\" sizes=\"auto, (max-width: 798px) 100vw, 798px\" \/><\/figure>\n\n\n\n<p class=\"has-text-color has-background has-medium-font-size\" style=\"color:#08283a;background-color:#e6eaee;font-style:normal;font-weight:500\">estamos para hacer equipo, en sus necesidades, retos e ideas de n\u00f3minas y recursos humanos<\/p>\n\n\n\n<figure class=\"wp-block-image size-full\"><img loading=\"lazy\" decoding=\"async\" width=\"768\" height=\"512\" src=\"https:\/\/qualitycs.com.mx\/wp-content\/uploads\/2022\/07\/trabajo-en-equipo.jpg\" alt=\"\" class=\"wp-image-44\" srcset=\"https:\/\/qualitycs.com.mx\/wp-content\/uploads\/2022\/07\/trabajo-en-equipo.jpg 768w, https:\/\/qualitycs.com.mx\/wp-content\/uploads\/2022\/07\/trabajo-en-equipo-300x200.jpg 300w\" sizes=\"auto, (max-width: 768px) 100vw, 768px\" \/><\/figure>\n\n\n\n<p class=\"has-text-color has-background has-medium-font-size\" style=\"color:#1d0930;background-color:#d5dbe0\">Con sistemas que dan servicio a una gran cantidad de clientes en M\u00e9xico, varios de ellos corporaciones importantes<\/p>\n\n\n\n<figure class=\"wp-block-image size-full\"><img loading=\"lazy\" decoding=\"async\" width=\"440\" height=\"265\" src=\"https:\/\/qualitycs.com.mx\/wp-content\/uploads\/2022\/07\/clientes.png\" alt=\"\" class=\"wp-image-96\" srcset=\"https:\/\/qualitycs.com.mx\/wp-content\/uploads\/2022\/07\/clientes.png 440w, https:\/\/qualitycs.com.mx\/wp-content\/uploads\/2022\/07\/clientes-300x181.png 300w, https:\/\/qualitycs.com.mx\/wp-content\/uploads\/2022\/07\/clientes-240x145.png 240w\" sizes=\"auto, (max-width: 440px) 100vw, 440px\" \/><\/figure>\n","protected":false},"excerpt":{"rendered":"<p>\u00bfEn que lo podemos ayudar con su sistema de n\u00f3mina? Y para los retos en el manejo y desarrollo de los recursos humanos estamos para hacer equipo, en sus necesidades, retos e ideas de n\u00f3minas y recursos humanos Con sistemas que dan servicio a una gran cantidad de clientes en M\u00e9xico, varios de ellos corporaciones &hellip; <\/p>\n<p class=\"link-more\"><a href=\"https:\/\/qualitycs.com.mx\/\" class=\"more-link\">Leer m\u00e1s<span class=\"screen-reader-text\"> \u00ab\u00a1Bienvenidos!\u00bb<\/span><\/a><\/p>\n","protected":false},"author":1,"featured_media":0,"parent":0,"menu_order":0,"comment_status":"closed","ping_status":"closed","template":"templates\/template-frontpage.php","meta":{"footnotes":""},"class_list":["post-11","page","type-page","status-publish","hentry"],"featured_media_urls":[],"_links":{"self":[{"href":"https:\/\/qualitycs.com.mx\/index.php?rest_route=\/wp\/v2\/pages\/11","targetHints":{"allow":["GET"]}}],"collection":[{"href":"https:\/\/qualitycs.com.mx\/index.php?rest_route=\/wp\/v2\/pages"}],"about":[{"href":"https:\/\/qualitycs.com.mx\/index.php?rest_route=\/wp\/v2\/types\/page"}],"author":[{"embeddable":true,"href":"https:\/\/qualitycs.com.mx\/index.php?rest_route=\/wp\/v2\/users\/1"}],"replies":[{"embeddable":true,"href":"https:\/\/qualitycs.com.mx\/index.php?rest_route=%2Fwp%2Fv2%2Fcomments&post=11"}],"version-history":[{"count":12,"href":"https:\/\/qualitycs.com.mx\/index.php?rest_route=\/wp\/v2\/pages\/11\/revisions"}],"predecessor-version":[{"id":306,"href":"https:\/\/qualitycs.com.mx\/index.php?rest_route=\/wp\/v2\/pages\/11\/revisions\/306"}],"wp:attachment":[{"href":"https:\/\/qualitycs.com.mx\/index.php?rest_route=%2Fwp%2Fv2%2Fmedia&parent=11"}],"curies":[{"name":"wp","href":"https:\/\/api.w.org\/{rel}","templated":true}]}}